{"id":1790,"date":"2023-09-14T15:13:41","date_gmt":"2023-09-14T15:13:41","guid":{"rendered":"https:\/\/adammolka.pl\/wedding-reportage\/"},"modified":"2023-11-22T11:23:32","modified_gmt":"2023-11-22T11:23:32","slug":"wedding-reportage","status":"publish","type":"page","link":"https:\/\/adammolka.pl\/en\/wedding-reportage\/","title":{"rendered":"Weddings"},"content":{"rendered":"<div class=\"ct-posts-shortcode\" data-prefix=\"blog\"><div class=\"entries\" data-archive=\"default\" data-layout=\"grid\" data-cards=\"boxed\"><article class=\"entry-card card-content post-3767 post type-post status-publish format-standard has-post-thumbnail hentry category-bez-kategorii category-weddings\" data-reveal=\"bottom:no\"><a class=\"ct-media-container boundless-image\" href=\"https:\/\/adammolka.pl\/en\/ania-and-andrews-highland-wedding\/\" aria-label=\"Ania and Andrew&#8217;s Highland Wedding\"><img decoding=\"async\" width=\"768\" height=\"512\" src=\"https:\/\/adammolka.pl\/wp-content\/uploads\/2026\/01\/wesele-goralskie-768x512.jpg\" class=\"attachment-medium_large size-medium_large wp-post-image\" alt=\"Highland Wedding\" loading=\"lazy\" srcset=\"https:\/\/adammolka.pl\/wp-content\/uploads\/2026\/01\/wesele-goralskie-768x512.jpg 768w, https:\/\/adammolka.pl\/wp-content\/uploads\/2026\/01\/wesele-goralskie-300x200.jpg 300w, https:\/\/adammolka.pl\/wp-content\/uploads\/2026\/01\/wesele-goralskie-1024x683.jpg 1024w, https:\/\/adammolka.pl\/wp-content\/uploads\/2026\/01\/wesele-goralskie-50x33.jpg 50w, https:\/\/adammolka.pl\/wp-content\/uploads\/2026\/01\/wesele-goralskie-1600x1066.jpg 1600w, https:\/\/adammolka.pl\/wp-content\/uploads\/2026\/01\/wesele-goralskie-1536x1024.jpg 1536w, https:\/\/adammolka.pl\/wp-content\/uploads\/2026\/01\/wesele-goralskie.jpg 2048w\" sizes=\"auto, (max-width: 768px) 100vw, 768px\" itemprop=\"image\" style=\"aspect-ratio: 1\/1;\" title=\"\"><\/a><h2 class=\"entry-title\"><a href=\"https:\/\/adammolka.pl\/en\/ania-and-andrews-highland-wedding\/\" rel=\"bookmark\">Ania and Andrew&#8217;s Highland Wedding<\/a><\/h2><div class=\"entry-excerpt\"><p>Wedding reports are best done where you know the people and their way of being\u2026<\/p>\n<\/div><\/article><article class=\"entry-card card-content post-3331 post type-post status-publish format-standard has-post-thumbnail hentry category-bez-kategorii category-blog-en category-weddings\" data-reveal=\"bottom:no\"><a class=\"ct-media-container boundless-image\" href=\"https:\/\/adammolka.pl\/en\/summary-of-2024\/\" aria-label=\"Summary of 2024\"><img decoding=\"async\" width=\"768\" height=\"512\" src=\"https:\/\/adammolka.pl\/wp-content\/uploads\/2025\/01\/wyrozniajacy-768x512.jpg\" class=\"attachment-medium_large size-medium_large wp-post-image\" alt=\"2024\" loading=\"lazy\" srcset=\"https:\/\/adammolka.pl\/wp-content\/uploads\/2025\/01\/wyrozniajacy-768x512.jpg 768w, https:\/\/adammolka.pl\/wp-content\/uploads\/2025\/01\/wyrozniajacy-300x200.jpg 300w, https:\/\/adammolka.pl\/wp-content\/uploads\/2025\/01\/wyrozniajacy-1024x683.jpg 1024w, https:\/\/adammolka.pl\/wp-content\/uploads\/2025\/01\/wyrozniajacy-50x33.jpg 50w, https:\/\/adammolka.pl\/wp-content\/uploads\/2025\/01\/wyrozniajacy-1600x1066.jpg 1600w, https:\/\/adammolka.pl\/wp-content\/uploads\/2025\/01\/wyrozniajacy-1536x1024.jpg 1536w, https:\/\/adammolka.pl\/wp-content\/uploads\/2025\/01\/wyrozniajacy.jpg 2048w\" sizes=\"auto, (max-width: 768px) 100vw, 768px\" itemprop=\"image\" style=\"aspect-ratio: 1\/1;\" title=\"\"><\/a><h2 class=\"entry-title\"><a href=\"https:\/\/adammolka.pl\/en\/summary-of-2024\/\" rel=\"bookmark\">Summary of 2024<\/a><\/h2><div class=\"entry-excerpt\"><p>The time has finally come when I can show you photographs taken last year. I\u2026<\/p>\n<\/div><\/article><article class=\"entry-card card-content post-3249 post type-post status-publish format-standard has-post-thumbnail hentry category-blog-en category-weddings\" data-reveal=\"bottom:no\"><a class=\"ct-media-container boundless-image\" href=\"https:\/\/adammolka.pl\/en\/a-love-story-in-3-acts\/\" aria-label=\"A love story in 3 acts\"><img decoding=\"async\" width=\"768\" height=\"513\" src=\"https:\/\/adammolka.pl\/wp-content\/uploads\/2024\/11\/historia-milosna-768x513.jpg\" class=\"attachment-medium_large size-medium_large wp-post-image\" alt=\"historia mi\u0142osna\" loading=\"lazy\" srcset=\"https:\/\/adammolka.pl\/wp-content\/uploads\/2024\/11\/historia-milosna-768x513.jpg 768w, https:\/\/adammolka.pl\/wp-content\/uploads\/2024\/11\/historia-milosna-300x200.jpg 300w, https:\/\/adammolka.pl\/wp-content\/uploads\/2024\/11\/historia-milosna-1024x684.jpg 1024w, https:\/\/adammolka.pl\/wp-content\/uploads\/2024\/11\/historia-milosna-50x33.jpg 50w, https:\/\/adammolka.pl\/wp-content\/uploads\/2024\/11\/historia-milosna-1600x1068.jpg 1600w, https:\/\/adammolka.pl\/wp-content\/uploads\/2024\/11\/historia-milosna-1536x1025.jpg 1536w, https:\/\/adammolka.pl\/wp-content\/uploads\/2024\/11\/historia-milosna.jpg 2048w\" sizes=\"auto, (max-width: 768px) 100vw, 768px\" itemprop=\"image\" style=\"aspect-ratio: 1\/1;\" title=\"\"><\/a><h2 class=\"entry-title\"><a href=\"https:\/\/adammolka.pl\/en\/a-love-story-in-3-acts\/\" rel=\"bookmark\">A love story in 3 acts<\/a><\/h2><div class=\"entry-excerpt\"><p>A love story in 3 acts When I first met Marcysia and Piotrek, I knew\u2026<\/p>\n<\/div><\/article><article class=\"entry-card card-content post-3132 post type-post status-publish format-standard has-post-thumbnail hentry category-bez-kategorii category-weddings\" data-reveal=\"bottom:no\"><a class=\"ct-media-container boundless-image\" href=\"https:\/\/adammolka.pl\/en\/the-pearl-of-the-dunajec-river-wedding-and-reception-of-dominika-and-kornel\/\" aria-label=\"Per\u0142a Dunajca restaurant &#8211; wedding and reception of Dominika and Kornel\"><img decoding=\"async\" width=\"768\" height=\"513\" src=\"https:\/\/adammolka.pl\/wp-content\/uploads\/2024\/06\/Wyrozniajacy-Perla-Dunaca-768x513.jpg\" class=\"attachment-medium_large size-medium_large wp-post-image\" alt=\"Per\u0142a Dunajca\" loading=\"lazy\" srcset=\"https:\/\/adammolka.pl\/wp-content\/uploads\/2024\/06\/Wyrozniajacy-Perla-Dunaca-768x513.jpg 768w, https:\/\/adammolka.pl\/wp-content\/uploads\/2024\/06\/Wyrozniajacy-Perla-Dunaca-300x200.jpg 300w, https:\/\/adammolka.pl\/wp-content\/uploads\/2024\/06\/Wyrozniajacy-Perla-Dunaca-1024x684.jpg 1024w, https:\/\/adammolka.pl\/wp-content\/uploads\/2024\/06\/Wyrozniajacy-Perla-Dunaca-50x33.jpg 50w, https:\/\/adammolka.pl\/wp-content\/uploads\/2024\/06\/Wyrozniajacy-Perla-Dunaca-1600x1068.jpg 1600w, https:\/\/adammolka.pl\/wp-content\/uploads\/2024\/06\/Wyrozniajacy-Perla-Dunaca-1536x1025.jpg 1536w, https:\/\/adammolka.pl\/wp-content\/uploads\/2024\/06\/Wyrozniajacy-Perla-Dunaca.jpg 2048w\" sizes=\"auto, (max-width: 768px) 100vw, 768px\" itemprop=\"image\" style=\"aspect-ratio: 1\/1;\" title=\"\"><\/a><h2 class=\"entry-title\"><a href=\"https:\/\/adammolka.pl\/en\/the-pearl-of-the-dunajec-river-wedding-and-reception-of-dominika-and-kornel\/\" rel=\"bookmark\">Per\u0142a Dunajca restaurant &#8211; wedding and reception of Dominika and Kornel<\/a><\/h2><div class=\"entry-excerpt\"><p>Weddings I continue to publish here wedding reports from 2023 \ud83d\ude42 As it usually happens,\u2026<\/p>\n<\/div><\/article><article class=\"entry-card card-content post-3105 post type-post status-publish format-standard has-post-thumbnail hentry category-bez-kategorii category-weddings\" data-reveal=\"bottom:no\"><a class=\"ct-media-container boundless-image\" href=\"https:\/\/adammolka.pl\/en\/ania-and-damian-wedding-in-a-wooden-church-in-zakopane\/\" aria-label=\"Ania and Damian &#8211; wedding in a wooden church in Zakopane\"><img decoding=\"async\" width=\"768\" height=\"499\" src=\"https:\/\/adammolka.pl\/wp-content\/uploads\/2024\/05\/wyrozniajacy-768x499.jpg\" class=\"attachment-medium_large size-medium_large wp-post-image\" alt=\"\u015alub w drewnianym ko\u015bciele\" loading=\"lazy\" srcset=\"https:\/\/adammolka.pl\/wp-content\/uploads\/2024\/05\/wyrozniajacy-768x499.jpg 768w, https:\/\/adammolka.pl\/wp-content\/uploads\/2024\/05\/wyrozniajacy-300x195.jpg 300w, https:\/\/adammolka.pl\/wp-content\/uploads\/2024\/05\/wyrozniajacy-1024x666.jpg 1024w, https:\/\/adammolka.pl\/wp-content\/uploads\/2024\/05\/wyrozniajacy-50x33.jpg 50w, https:\/\/adammolka.pl\/wp-content\/uploads\/2024\/05\/wyrozniajacy-1600x1040.jpg 1600w, https:\/\/adammolka.pl\/wp-content\/uploads\/2024\/05\/wyrozniajacy-1536x998.jpg 1536w, https:\/\/adammolka.pl\/wp-content\/uploads\/2024\/05\/wyrozniajacy.jpg 2000w\" sizes=\"auto, (max-width: 768px) 100vw, 768px\" itemprop=\"image\" style=\"aspect-ratio: 1\/1;\" title=\"\"><\/a><h2 class=\"entry-title\"><a href=\"https:\/\/adammolka.pl\/en\/ania-and-damian-wedding-in-a-wooden-church-in-zakopane\/\" rel=\"bookmark\">Ania and Damian &#8211; wedding in a wooden church in Zakopane<\/a><\/h2><div class=\"entry-excerpt\"><p>Wedding in a wooden church Hello! It&#8217;s time to show the world the reportage of\u2026<\/p>\n<\/div><\/article><\/div>\n\t\t<nav class=\"ct-pagination\" data-pagination=\"load_more\"  >\n\t\t\t<span aria-current=\"page\" class=\"page-numbers current\">1<\/span>\n<a class=\"page-numbers\" href=\"https:\/\/adammolka.pl\/en\/wp-json\/wp\/v2\/pages\/1790\/page\/2\/\">2<\/a>\n<a class=\"page-numbers\" href=\"https:\/\/adammolka.pl\/en\/wp-json\/wp\/v2\/pages\/1790\/page\/3\/\">3<\/a><a class=\"next page-numbers\" rel=\"next\" href=\"https:\/\/adammolka.pl\/en\/wp-json\/wp\/v2\/pages\/1790\/page\/2\/\">Next <svg width=\"9px\" height=\"9px\" viewBox=\"0 0 15 15\" fill=\"currentColor\"><path d=\"M4.1,15c0.2,0,0.4-0.1,0.6-0.2L11.4,8c0.3-0.3,0.3-0.8,0-1.1L4.8,0.2C4.5-0.1,4-0.1,3.7,0.2C3.4,0.5,3.4,1,3.7,1.3l6.1,6.1l-6.2,6.2c-0.3,0.3-0.3,0.8,0,1.1C3.7,14.9,3.9,15,4.1,15z\"\/><\/svg><\/a>\n\t\t\t<div class=\"ct-load-more-helper\"><button class=\"wp-element-button ct-load-more\">ZOBACZ WI\u0118CEJ \u015aLUB\u00d3W<\/button><span class=\"ct-ajax-loader\">\n\t\t\t\t<svg viewBox=\"0 0 24 24\">\n\t\t\t\t\t<circle cx=\"12\" cy=\"12\" r=\"10\" opacity=\"0.2\" fill=\"none\" stroke=\"currentColor\" stroke-miterlimit=\"10\" stroke-width=\"2\"\/>\n\n\t\t\t\t\t<path d=\"m12,2c5.52,0,10,4.48,10,10\" fill=\"none\" stroke=\"currentColor\" stroke-linecap=\"round\" stroke-miterlimit=\"10\" stroke-width=\"2\">\n\t\t\t\t\t\t<animateTransform\n\t\t\t\t\t\t\tattributeName=\"transform\"\n\t\t\t\t\t\t\tattributeType=\"XML\"\n\t\t\t\t\t\t\ttype=\"rotate\"\n\t\t\t\t\t\t\tdur=\"0.6s\"\n\t\t\t\t\t\t\tfrom=\"0 12 12\"\n\t\t\t\t\t\t\tto=\"360 12 12\"\n\t\t\t\t\t\t\trepeatCount=\"indefinite\"\n\t\t\t\t\t\t\/>\n\t\t\t\t\t<\/path>\n\t\t\t\t<\/svg>\n\t\t\t<\/span><div class=\"ct-last-page-text\">No more posts to load<\/div><\/div>\n\t\t<\/nav><\/div>\n\n<div class=\"wp-block-stackable-heading stk-block-heading stk-block-heading--v2 stk-block stk-f7afd33\" id=\"reportaz-slubny\" data-block-id=\"f7afd33\"><style>.stk-f7afd33 .stk-block-heading__text{text-transform:uppercase !important;font-family:\"Rubik\",Sans-serif !important}<\/style><h3 class=\"stk-block-heading__text has-text-align-center\">Weddings<\/h3><\/div>\n\n<div class=\"wp-block-stackable-text stk-block-text stk-block stk-b38a036\" data-block-id=\"b38a036\"><style>.stk-b38a036 .stk-block-text__text{font-family:\"Rubik\",Sans-serif !important}<\/style><p class=\"stk-block-text__text\">I specialize in wedding photography and outdoor wedding photography in Zakopane, but I also work throughout Poland and Europe. <\/p><\/div>\n\n<div class=\"wp-block-stackable-text stk-block-text stk-block stk-87ac143\" data-block-id=\"87ac143\"><style>.stk-87ac143 .stk-block-text__text{font-family:\"Rubik\",Sans-serif !important}<\/style><p class=\"stk-block-text__text\">My portfolio is a treasure trove of the most beautiful moments from ceremonies and weddings that I have had the honor of capturing not only in Souther Poland, but also in other parts of Poland and the world. <\/p><\/div>\n\n<div class=\"wp-block-stackable-text stk-block-text stk-block stk-e553c58\" data-block-id=\"e553c58\"><style>.stk-e553c58 .stk-block-text__text{font-family:\"Rubik\",Sans-serif !important}<\/style><p class=\"stk-block-text__text\">Any aspiring wedding photographer should have versatile skills &#8211; from capturing the finest details to creating stunning portraits. My passion is wedding reportage, where the authenticity of moments and real emotions are the most important.  <\/p><\/div>\n\n<div class=\"wp-block-stackable-text stk-block-text stk-block stk-c970058\" data-block-id=\"c970058\"><style>.stk-c970058 .stk-block-text__text{font-family:\"Rubik\",Sans-serif !important}<\/style><p class=\"stk-block-text__text\">My greatest joy comes from working with couples in love, who are vibrant with life and love. Looking through my wedding photos from Zakopane and the surrounding area, you will see both moments from the wedding day and unique outdoor wedding locations. Every ceremony is different because you, as the bride and groom, make it unique. My photos capture the essence of those special moments that will remain in your memory forever.<\/p><\/div>\n\n<div class=\"wp-block-stackable-heading stk-block-heading stk-block-heading--v2 stk-block stk-ef5c661\" id=\"naturalne-plenery-slubne-w-zakopanem\" data-block-id=\"ef5c661\"><style>.stk-ef5c661 .stk-block-heading__text{text-transform:uppercase !important;font-family:\"Rubik\",Sans-serif !important}<\/style><h3 class=\"stk-block-heading__text has-text-align-center\">Natural Wedding in Poland <\/h3><\/div>\n\n<div class=\"wp-block-stackable-text stk-block-text stk-block stk-592e2fa\" data-block-id=\"592e2fa\"><style>.stk-592e2fa .stk-block-text__text{font-family:\"Rubik\",Sans-serif !important}<\/style><p class=\"stk-block-text__text\">I love to work surrounded by mountains, forests and lakes, capturing the magic of a region in photographs. Instead of traditional poses, I promote natural interactions, so the photos are authentic and full of feeling. I encourage couples to choose venues that have special meaning to them, ensuring that they feel comfortable and at ease.  <\/p><\/div>\n\n<div class=\"wp-block-stackable-text stk-block-text stk-block stk-41278a6\" data-block-id=\"41278a6\"><style>.stk-41278a6 .stk-block-text__text{font-family:\"Rubik\",Sans-serif !important}<\/style><p class=\"stk-block-text__text\">If you are curious about some of my elopements in the Tatra Mountains, I cordially invite you to the gallery Photoshoot in Tatra Mountains.<\/p><\/div>\n","protected":false},"excerpt":{"rendered":"<p>Weddings I specialize in wedding photography and outdoor wedding photography in Zakopane, but I also work throughout Poland and Europe. My portfolio is a treasure trove of the most beautiful moments from ceremonies and weddings that I have had the honor of capturing not only in Souther Poland, but also in other parts of Poland [&hellip;]<\/p>\n","protected":false},"author":1,"featured_media":0,"parent":0,"menu_order":0,"comment_status":"closed","ping_status":"closed","template":"","meta":{"_monsterinsights_skip_tracking":false,"_monsterinsights_sitenote_active":false,"_monsterinsights_sitenote_note":"","_monsterinsights_sitenote_category":0,"ngg_post_thumbnail":0,"pgc_sgb_lightbox_settings":"","footnotes":""},"class_list":["post-1790","page","type-page","status-publish","hentry"],"blocksy_meta":[],"_links":{"self":[{"href":"https:\/\/adammolka.pl\/en\/wp-json\/wp\/v2\/pages\/1790","targetHints":{"allow":["GET"]}}],"collection":[{"href":"https:\/\/adammolka.pl\/en\/wp-json\/wp\/v2\/pages"}],"about":[{"href":"https:\/\/adammolka.pl\/en\/wp-json\/wp\/v2\/types\/page"}],"author":[{"embeddable":true,"href":"https:\/\/adammolka.pl\/en\/wp-json\/wp\/v2\/users\/1"}],"replies":[{"embeddable":true,"href":"https:\/\/adammolka.pl\/en\/wp-json\/wp\/v2\/comments?post=1790"}],"version-history":[{"count":8,"href":"https:\/\/adammolka.pl\/en\/wp-json\/wp\/v2\/pages\/1790\/revisions"}],"predecessor-version":[{"id":2303,"href":"https:\/\/adammolka.pl\/en\/wp-json\/wp\/v2\/pages\/1790\/revisions\/2303"}],"wp:attachment":[{"href":"https:\/\/adammolka.pl\/en\/wp-json\/wp\/v2\/media?parent=1790"}],"curies":[{"name":"wp","href":"https:\/\/api.w.org\/{rel}","templated":true}]}}